{"id":1329,"date":"2023-01-27T13:29:33","date_gmt":"2023-01-27T12:29:33","guid":{"rendered":"https:\/\/casalexo.gal\/menus\/"},"modified":"2025-06-11T16:07:54","modified_gmt":"2025-06-11T14:07:54","slug":"menus","status":"publish","type":"page","link":"https:\/\/casalexo.gal\/es\/menus\/","title":{"rendered":"Men\u00fas"},"content":{"rendered":"<p>[et_pb_section fb_built=\u00bb1&#8243; custom_padding_last_edited=\u00bbon|phone\u00bb admin_label=\u00bbsection\u00bb _builder_version=\u00bb4.20.0&#8243; background_color=\u00bb#161615&#8243; background_enable_image=\u00bboff\u00bb background_position=\u00bbtop_center\u00bb background_blend=\u00bbmultiply\u00bb z_index=\u00bb10&#8243; min_height_tablet=\u00bb90vh\u00bb min_height_last_edited=\u00bboff|desktop\u00bb height_phone=\u00bb65vh\u00bb height_last_edited=\u00bboff|desktop\u00bb custom_margin=\u00bb1%|1%|1%|1%|true|true\u00bb custom_padding=\u00bb180px|0px|10px|0px|false|false\u00bb custom_padding_tablet=\u00bb250px||||false|false\u00bb custom_padding_phone=\u00bb220px||||false|false\u00bb border_radii=\u00bbon|30px|30px|30px|30px\u00bb locked=\u00bboff\u00bb global_colors_info=\u00bb{}\u00bb][et_pb_row column_structure=\u00bb3_5,2_5&#8243; use_custom_gutter=\u00bbon\u00bb make_equal=\u00bbon\u00bb custom_padding_last_edited=\u00bbon|phone\u00bb disabled_on=\u00bboff|off|off\u00bb module_class=\u00bbreservas-telefonicas-banner\u00bb _builder_version=\u00bb4.20.0&#8243; _module_preset=\u00bbdefault\u00bb background_color=\u00bb#FFFFFF\u00bb position_origin_a=\u00bbbottom_center\u00bb position_origin_f=\u00bbtop_center\u00bb vertical_offset=\u00bb0px\u00bb z_index=\u00bb100&#8243; vertical_offset_tablet=\u00bb5px\u00bb vertical_offset_phone=\u00bb0px\u00bb vertical_offset_last_edited=\u00bbon|phone\u00bb width=\u00bb90%\u00bb width_tablet=\u00bb90%\u00bb width_phone=\u00bb80%\u00bb width_last_edited=\u00bbon|phone\u00bb max_width=\u00bb720px\u00bb max_width_tablet=\u00bb90%\u00bb max_width_phone=\u00bb90%\u00bb max_width_last_edited=\u00bbon|tablet\u00bb custom_padding=\u00bb1%|1%|1%|1%|true|true\u00bb custom_padding_tablet=\u00bb2%|35px|2%|35px|true|true\u00bb custom_padding_phone=\u00bb15px|25px|15px|25px|true|true\u00bb border_radii=\u00bbon|30px|30px|30px|30px\u00bb box_shadow_style=\u00bbpreset1&#8243; box_shadow_color=\u00bbrgba(0,0,0,0.43)\u00bb locked=\u00bboff\u00bb global_colors_info=\u00bb{}\u00bb custom_css_main_element_last_edited=\u00bbon|tablet\u00bb custom_css_main_element_tablet=\u00bbdisplay:flex;||flex-wrap:wrap;\u00bb custom_css_main_element_phone=\u00bbdisplay:flex;||flex-wrap:wrap;\u00bb][et_pb_column type=\u00bb3_5&#8243; module_class=\u00bbds-vertical-align\u00bb _builder_version=\u00bb4.20.0&#8243; _module_preset=\u00bbdefault\u00bb global_colors_info=\u00bb{}\u00bb custom_css_main_element_last_edited=\u00bbon|tablet\u00bb custom_css_main_element_tablet=\u00bbwidth:calc(100% &#8211; 180px);||display:flex;||flex-wrap:wrap;||align-content:flex-start;||align-items:center;||justify-content:center;||margin-bottom:0!important;\u00bb custom_css_main_element_phone=\u00bbwidth:calc(100% &#8211; 180px);||display:flex;||flex-wrap:wrap;||align-content:flex-start;||align-items:center;||justify-content:center;||margin-bottom:0!important;\u00bb][et_pb_blurb image=\u00bbhttps:\/\/casalexo.gal\/wp-content\/uploads\/2023\/01\/04.svg\u00bb icon_placement=\u00bbleft\u00bb icon_placement_tablet=\u00bbleft\u00bb icon_placement_phone=\u00bbleft\u00bb icon_placement_last_edited=\u00bbon|phone\u00bb image_icon_width_tablet=\u00bb\u00bb image_icon_width_phone=\u00bb20px\u00bb image_icon_width_last_edited=\u00bbon|phone\u00bb content_tablet=\u00bb<\/p>\n<p><span style=%22font-family: &apos;Nunito&apos;; font-size: 26px; font-weight: 600;%22>RESERVAS <\/span> <span style=%22font-family: &apos;Fira Sans&apos;; font-size: 20px; font-weight: 300; font-style: italic;%22>&#8211; Solo telef\u00f3nicas<\/span><\/p>\n<p>\u00bb content_phone=\u00bb<\/p>\n<p><span style=%22font-family: &apos;Nunito&apos;; font-size: 24px; font-weight: 600;%22>RESERVAS <\/span><br \/><span style=%22font-family: &apos;Fira Sans&apos;; font-size: 18px; font-weight: 300; font-style: italic;%22>Solo telef\u00f3nicas<\/span><\/p>\n<p>\u00bb content_last_edited=\u00bbon|phone\u00bb content_max_width_tablet=\u00bb100%\u00bb content_max_width_phone=\u00bb100%\u00bb content_max_width_last_edited=\u00bbon|tablet\u00bb _builder_version=\u00bb4.20.0&#8243; _module_preset=\u00bbdefault\u00bb header_font_size=\u00bb18px\u00bb body_text_color=\u00bb#161615&#8243; image_icon_custom_margin_tablet=\u00bb\u00bb image_icon_custom_margin_phone=\u00bb0px||0px||false|false\u00bb image_icon_custom_margin_last_edited=\u00bbon|phone\u00bb image_icon_custom_padding=\u00bb||||false|false\u00bb image_icon_custom_padding_tablet=\u00bb||||false|false\u00bb image_icon_custom_padding_phone=\u00bb0px||0px||false|false\u00bb image_icon_custom_padding_last_edited=\u00bbon|phone\u00bb custom_margin=\u00bb||0px||false|false\u00bb custom_padding=\u00bb|||40px|false|false\u00bb custom_padding_tablet=\u00bb||0px|0px|false|false\u00bb custom_padding_phone=\u00bb|0px||0px|false|true\u00bb custom_padding_last_edited=\u00bbon|tablet\u00bb header_text_align_tablet=\u00bb\u00bb header_text_align_phone=\u00bbcenter\u00bb header_text_align_last_edited=\u00bbon|phone\u00bb text_orientation_tablet=\u00bb\u00bb text_orientation_phone=\u00bbleft\u00bb text_orientation_last_edited=\u00bbon|phone\u00bb global_colors_info=\u00bb{}\u00bb]<\/p>\n<p><span style=\"font-family: 'Nunito'; font-size: 26px; font-weight: 600;\">RESERVAS <\/span> <span style=\"font-family: 'Fira Sans'; font-size: 20px; font-weight: 300; font-style: italic;\">&#8211; Solo telef\u00f3nicas<\/span><\/p>\n<p>[\/et_pb_blurb][\/et_pb_column][et_pb_column type=\u00bb2_5&#8243; module_class=\u00bbds-vertical-align\u00bb _builder_version=\u00bb4.20.0&#8243; _module_preset=\u00bbdefault\u00bb global_colors_info=\u00bb{}\u00bb custom_css_main_element_last_edited=\u00bbon|tablet\u00bb custom_css_main_element_tablet=\u00bbwidth:180px!important;||display:flex;||flex-wrap:wrap;||align-content:center;||align-items:center;\u00bb custom_css_main_element_phone=\u00bbwidth:180px!important;||display:flex;||flex-wrap:wrap;||align-content:center;||align-items:center;\u00bb][et_pb_text _builder_version=\u00bb4.20.0&#8243; _module_preset=\u00bbdefault\u00bb text_font=\u00bbFira Sans|300|||||||\u00bb text_text_color=\u00bb#161615&#8243; text_font_size=\u00bb38px\u00bb text_line_height=\u00bb1.2em\u00bb custom_margin_tablet=\u00bb\u00bb custom_margin_phone=\u00bb0px||||false|false\u00bb custom_margin_last_edited=\u00bbon|phone\u00bb custom_padding=\u00bb||||false|false\u00bb custom_padding_tablet=\u00bb0px||0px||false|false\u00bb custom_padding_phone=\u00bb0px||||false|false\u00bb custom_padding_last_edited=\u00bbon|phone\u00bb text_font_size_tablet=\u00bb38px\u00bb text_font_size_phone=\u00bb25px\u00bb text_font_size_last_edited=\u00bbon|phone\u00bb text_orientation_tablet=\u00bbcenter\u00bb text_orientation_phone=\u00bbcenter\u00bb text_orientation_last_edited=\u00bbon|desktop\u00bb global_colors_info=\u00bb{}\u00bb]<\/p>\n<p>981 354 053<\/p>\n<p>[\/et_pb_text][\/et_pb_column][\/et_pb_row][\/et_pb_section][et_pb_section fb_built=\u00bb1&#8243; _builder_version=\u00bb4.18.0&#8243; _module_preset=\u00bbdefault\u00bb background_enable_image=\u00bboff\u00bb background_size=\u00bbinitial\u00bb z_index=\u00bb0&#8243; custom_padding=\u00bb||5%||false|false\u00bb global_colors_info=\u00bb{}\u00bb][et_pb_row column_structure=\u00bb1_2,1_2&#8243; _builder_version=\u00bb4.18.0&#8243; _module_preset=\u00bbdefault\u00bb global_colors_info=\u00bb{}\u00bb][et_pb_column type=\u00bb1_2&#8243; _builder_version=\u00bb4.18.0&#8243; _module_preset=\u00bbdefault\u00bb global_colors_info=\u00bb{}\u00bb][et_pb_gallery gallery_ids=\u00bb466,473,474,475,476,477,504,505,506,507,508,509,510,511,512&#8243; fullwidth=\u00bbon\u00bb _builder_version=\u00bb4.20.0&#8243; _module_preset=\u00bbdefault\u00bb auto=\u00bbon\u00bb auto_speed=\u00bb3000&#8243; border_radii=\u00bbon|20px|20px|20px|20px\u00bb global_colors_info=\u00bb{}\u00bb][\/et_pb_gallery][\/et_pb_column][et_pb_column type=\u00bb1_2&#8243; _builder_version=\u00bb4.18.0&#8243; _module_preset=\u00bbdefault\u00bb global_colors_info=\u00bb{}\u00bb][et_pb_text _builder_version=\u00bb4.20.0&#8243; _module_preset=\u00bbdefault\u00bb custom_margin=\u00bb||0px||false|false\u00bb custom_padding=\u00bb||0px||false|false\u00bb global_colors_info=\u00bb{}\u00bb]<\/p>\n<h1>Men\u00fa del d\u00eda<\/h1>\n<p>[\/et_pb_text][et_pb_text module_class=\u00bbcorinthia\u00bb _builder_version=\u00bb4.20.0&#8243; _module_preset=\u00bbdefault\u00bb text_font=\u00bb|300|||||||\u00bb text_text_color=\u00bb#161615&#8243; text_font_size=\u00bb74px\u00bb text_line_height=\u00bb80px\u00bb max_width=\u00bb850px\u00bb module_alignment=\u00bbleft\u00bb custom_padding=\u00bb||||false|false\u00bb global_colors_info=\u00bb{}\u00bb]<\/p>\n<p>13 \u20ac<\/p>\n<p>[\/et_pb_text][et_pb_text _builder_version=\u00bb4.18.0&#8243; _module_preset=\u00bbdefault\u00bb text_font=\u00bbNunito|300||on|||||\u00bb text_text_color=\u00bb#E4D6AC\u00bb text_font_size=\u00bb26px\u00bb text_line_height=\u00bb30px\u00bb custom_margin=\u00bb||10px||false|false\u00bb custom_padding=\u00bb||0px||false|false\u00bb global_colors_info=\u00bb{}\u00bb]<\/p>\n<p>Primeros<\/p>\n<p>[\/et_pb_text][et_pb_text _builder_version=\u00bb4.20.0&#8243; _module_preset=\u00bbdefault\u00bb text_font=\u00bbFira Sans|300|||||||\u00bb text_text_color=\u00bb#161615&#8243; text_font_size=\u00bb20px\u00bb text_line_height=\u00bb24px\u00bb custom_padding=\u00bb|||5%|false|false\u00bb global_colors_info=\u00bb{}\u00bb]<\/p>\n<p>Tres titulares de temporada para elegir<\/p>\n<p>[\/et_pb_text][et_pb_text _builder_version=\u00bb4.18.0&#8243; _module_preset=\u00bbdefault\u00bb text_font=\u00bbNunito|300||on|||||\u00bb text_text_color=\u00bb#E4D6AC\u00bb text_font_size=\u00bb26px\u00bb text_line_height=\u00bb30px\u00bb custom_margin=\u00bb||10px||false|false\u00bb custom_padding=\u00bb||0px||false|false\u00bb global_colors_info=\u00bb{}\u00bb]<\/p>\n<p>Segundos<\/p>\n<p>[\/et_pb_text][et_pb_text _builder_version=\u00bb4.18.0&#8243; _module_preset=\u00bbdefault\u00bb text_font=\u00bbFira Sans|300|||||||\u00bb text_text_color=\u00bb#161615&#8243; text_font_size=\u00bb20px\u00bb text_line_height=\u00bb24px\u00bb custom_margin=\u00bb||0px||false|false\u00bb custom_padding=\u00bb||0px|5%|false|false\u00bb global_colors_info=\u00bb{}\u00bb]<\/p>\n<ol>\n<li>Pescado del d\u00eda<\/li>\n<li>Carne<\/li>\n<\/ol>\n<p>[\/et_pb_text][et_pb_text _builder_version=\u00bb4.18.0&#8243; _module_preset=\u00bbdefault\u00bb text_font=\u00bbNunito|300||on|||||\u00bb text_text_color=\u00bb#E4D6AC\u00bb text_font_size=\u00bb26px\u00bb text_line_height=\u00bb30px\u00bb custom_margin=\u00bb||10px||false|false\u00bb custom_padding=\u00bb||0px||false|false\u00bb global_colors_info=\u00bb{}\u00bb]<\/p>\n<p>Sobremesas<\/p>\n<p>[\/et_pb_text][et_pb_text _builder_version=\u00bb4.18.0&#8243; _module_preset=\u00bbdefault\u00bb text_font=\u00bbFira Sans|300|||||||\u00bb text_text_color=\u00bb#161615&#8243; text_font_size=\u00bb20px\u00bb text_line_height=\u00bb24px\u00bb custom_padding=\u00bb|||5%|false|false\u00bb global_colors_info=\u00bb{}\u00bb]<\/p>\n<p>Sobremesa casera<\/p>\n<p>[\/et_pb_text][et_pb_text _builder_version=\u00bb4.18.0&#8243; _module_preset=\u00bbdefault\u00bb text_font=\u00bbNunito|300||on|||||\u00bb text_text_color=\u00bb#E4D6AC\u00bb text_font_size=\u00bb26px\u00bb text_line_height=\u00bb30px\u00bb custom_margin=\u00bb||10px||false|false\u00bb custom_padding=\u00bb||0px||false|false\u00bb global_colors_info=\u00bb{}\u00bb]<\/p>\n<p>Bebida y pan<\/p>\n<p>[\/et_pb_text][\/et_pb_column][\/et_pb_row][\/et_pb_section][et_pb_section fb_built=\u00bb1&#8243; _builder_version=\u00bb4.18.0&#8243; _module_preset=\u00bbdefault\u00bb global_colors_info=\u00bb{}\u00bb][et_pb_row use_custom_gutter=\u00bbon\u00bb make_equal=\u00bbon\u00bb _builder_version=\u00bb4.18.0&#8243; _module_preset=\u00bbdefault\u00bb width=\u00bb60%\u00bb global_colors_info=\u00bb{}\u00bb][et_pb_column type=\u00bb4_4&#8243; _builder_version=\u00bb4.18.0&#8243; _module_preset=\u00bbdefault\u00bb global_colors_info=\u00bb{}\u00bb][et_pb_text _builder_version=\u00bb4.18.0&#8243; _module_preset=\u00bbdefault\u00bb text_orientation=\u00bbcenter\u00bb global_colors_info=\u00bb{}\u00bb]<\/p>\n<h2>Men\u00fas para grupos<\/h2>\n<p>[\/et_pb_text][et_pb_text _builder_version=\u00bb4.18.0&#8243; _module_preset=\u00bbdefault\u00bb text_font=\u00bbFira Sans|300|||||||\u00bb text_text_color=\u00bb#161615&#8243; text_font_size=\u00bb18px\u00bb text_line_height=\u00bb1.2em\u00bb text_orientation=\u00bbcenter\u00bb max_width=\u00bb80%\u00bb module_alignment=\u00bbcenter\u00bb global_colors_info=\u00bb{}\u00bb]<\/p>\n<p>6 Men\u00fas para Grupos (a partir de 6 pax) para revivir los patrones inolvidables del pueblo y disfrutar compartiendo almuerzos, conversaciones y postres largos. A partir del 12 de octubre.<\/p>\n<p>[\/et_pb_text][et_pb_button button_url=\u00bbhttps:\/\/casalexo.gal\/wp-content\/uploads\/2025\/06\/Casalexo_Menus-grupos-2025.06.pdf\u00bb url_new_window=\u00bbon\u00bb button_text=\u00bbVer men\u00fas en pdf\u00bb button_alignment=\u00bbcenter\u00bb _builder_version=\u00bb4.20.0&#8243; _module_preset=\u00bbdefault\u00bb custom_margin=\u00bb5%||||false|false\u00bb custom_padding=\u00bb||||false|false\u00bb hover_enabled=\u00bb0&#8243; global_colors_info=\u00bb{}\u00bb sticky_enabled=\u00bb0&#8243;][\/et_pb_button][\/et_pb_column][\/et_pb_row][et_pb_row column_structure=\u00bb1_6,1_6,1_6,1_6,1_6,1_6&#8243; use_custom_gutter=\u00bbon\u00bb gutter_width=\u00bb2&#8243; _builder_version=\u00bb4.20.0&#8243; _module_preset=\u00bbdefault\u00bb width=\u00bb90%\u00bb module_alignment=\u00bbcenter\u00bb global_colors_info=\u00bb{}\u00bb][et_pb_column type=\u00bb1_6&#8243; _builder_version=\u00bb4.18.0&#8243; _module_preset=\u00bbdefault\u00bb global_colors_info=\u00bb{}\u00bb][\/et_pb_column][et_pb_column type=\u00bb1_6&#8243; _builder_version=\u00bb4.18.0&#8243; _module_preset=\u00bbdefault\u00bb global_colors_info=\u00bb{}\u00bb][et_pb_blurb title=\u00bbPara compartir\u00bb image=\u00bbhttps:\/\/casalexo.gal\/wp-content\/uploads\/2023\/01\/Grupo-247.svg\u00bb module_class=\u00bbhome-carta\u00bb _builder_version=\u00bb4.20.0&#8243; _module_preset=\u00bb_initial\u00bb header_text_color=\u00bb#161615&#8243; header_font_size=\u00bb26px\u00bb body_font=\u00bbFira Sans|200|on||||||\u00bb body_text_color=\u00bb#161615&#8243; text_orientation=\u00bbcenter\u00bb max_width=\u00bb80%\u00bb min_height=\u00bb220px\u00bb module_alignment_tablet=\u00bb\u00bb module_alignment_phone=\u00bbcenter\u00bb module_alignment_last_edited=\u00bbon|phone\u00bb global_colors_info=\u00bb{}\u00bb][\/et_pb_blurb][\/et_pb_column][et_pb_column type=\u00bb1_6&#8243; _builder_version=\u00bb4.18.0&#8243; _module_preset=\u00bbdefault\u00bb global_colors_info=\u00bb{}\u00bb][et_pb_blurb title=\u00bbPara los ni\u00f1os \u00bb image=\u00bbhttps:\/\/casalexo.gal\/wp-content\/uploads\/2023\/01\/Grupo-251.svg\u00bb module_class=\u00bbhome-carta\u00bb _builder_version=\u00bb4.20.0&#8243; _module_preset=\u00bb_initial\u00bb header_text_color=\u00bb#161615&#8243; header_font_size=\u00bb26px\u00bb body_font=\u00bbFira Sans|200|on||||||\u00bb body_text_color=\u00bb#161615&#8243; text_orientation=\u00bbcenter\u00bb max_width=\u00bb80%\u00bb min_height=\u00bb220px\u00bb module_alignment_tablet=\u00bb\u00bb module_alignment_phone=\u00bbcenter\u00bb module_alignment_last_edited=\u00bbon|phone\u00bb global_colors_info=\u00bb{}\u00bb][\/et_pb_blurb][\/et_pb_column][et_pb_column type=\u00bb1_6&#8243; _builder_version=\u00bb4.20.0&#8243; _module_preset=\u00bbdefault\u00bb global_colors_info=\u00bb{}\u00bb][et_pb_blurb title=\u00bbDe pescado\u00bb image=\u00bbhttps:\/\/casalexo.gal\/wp-content\/uploads\/2023\/01\/Grupo-259.svg\u00bb module_class=\u00bbhome-carta\u00bb _builder_version=\u00bb4.20.0&#8243; _module_preset=\u00bb_initial\u00bb header_text_color=\u00bb#161615&#8243; header_font_size=\u00bb26px\u00bb body_font=\u00bbFira Sans|200|on||||||\u00bb body_text_color=\u00bb#161615&#8243; image_icon_custom_margin=\u00bb||15px||false|false\u00bb text_orientation=\u00bbcenter\u00bb max_width=\u00bb80%\u00bb min_height=\u00bb220px\u00bb module_alignment_tablet=\u00bb\u00bb module_alignment_phone=\u00bbcenter\u00bb module_alignment_last_edited=\u00bbon|phone\u00bb global_colors_info=\u00bb{}\u00bb custom_css_before_last_edited=\u00bboff|desktop\u00bb][\/et_pb_blurb][\/et_pb_column][et_pb_column type=\u00bb1_6&#8243; _builder_version=\u00bb4.18.0&#8243; _module_preset=\u00bbdefault\u00bb global_colors_info=\u00bb{}\u00bb][et_pb_blurb title=\u00bbDe carnes\u00bb image=\u00bbhttps:\/\/casalexo.gal\/wp-content\/uploads\/2023\/01\/Grupo-239.svg\u00bb module_class=\u00bbhome-carta\u00bb _builder_version=\u00bb4.20.0&#8243; _module_preset=\u00bb_initial\u00bb header_text_color=\u00bb#161615&#8243; header_font_size=\u00bb26px\u00bb body_font=\u00bbFira Sans|200|on||||||\u00bb body_text_color=\u00bb#161615&#8243; image_icon_custom_margin=\u00bb||15px||false|false\u00bb text_orientation=\u00bbcenter\u00bb max_width=\u00bb80%\u00bb min_height=\u00bb220px\u00bb module_alignment_tablet=\u00bb\u00bb module_alignment_phone=\u00bbcenter\u00bb module_alignment_last_edited=\u00bbon|phone\u00bb global_colors_info=\u00bb{}\u00bb][\/et_pb_blurb][\/et_pb_column][et_pb_column type=\u00bb1_6&#8243; _builder_version=\u00bb4.18.0&#8243; _module_preset=\u00bbdefault\u00bb global_colors_info=\u00bb{}\u00bb][\/et_pb_column][\/et_pb_row][\/et_pb_section][et_pb_section fb_built=\u00bb1&#8243; _builder_version=\u00bb4.18.0&#8243; _module_preset=\u00bbdefault\u00bb global_colors_info=\u00bb{}\u00bb][et_pb_row _builder_version=\u00bb4.20.0&#8243; _module_preset=\u00bbdefault\u00bb width=\u00bb92%\u00bb max_width=\u00bb100%\u00bb custom_margin=\u00bb0px||0px||false|false\u00bb custom_padding=\u00bb0px||0px||false|false\u00bb saved_tabs=\u00bball\u00bb global_colors_info=\u00bb{}\u00bb][et_pb_column type=\u00bb4_4&#8243; _builder_version=\u00bb4.20.0&#8243; _module_preset=\u00bbdefault\u00bb global_colors_info=\u00bb{}\u00bb][et_pb_gallery gallery_ids=\u00bb1286,1285,1284,1283,1282,1281,1280,1279,1278,1277,1276,1275,1274,1273,1272,1271,1270&#8243; posts_number=\u00bb100&#8243; show_title_and_caption=\u00bboff\u00bb show_pagination=\u00bboff\u00bb zoom_icon_color=\u00bb#161615&#8243; module_class=\u00bbgaleria\u00bb _builder_version=\u00bb4.20.0&#8243; _module_preset=\u00bbdefault\u00bb global_colors_info=\u00bb{}\u00bb][\/et_pb_gallery][\/et_pb_column][\/et_pb_row][\/et_pb_section]<\/p>\n","protected":false},"excerpt":{"rendered":"<p>RESERVAS &#8211; Solo telef\u00f3nicas981 354 053Men\u00fa del d\u00eda13 \u20acPrimerosTres titulares de temporada para elegirSegundos Pescado del d\u00eda Carne SobremesasSobremesa caseraBebida y panMen\u00fas para grupos6 Men\u00fas para Grupos (a partir de 6 pax) para revivir los patrones inolvidables del pueblo y disfrutar compartiendo almuerzos, conversaciones y postres largos. A partir del 12 de octubre.<\/p>\n","protected":false},"author":1,"featured_media":0,"parent":0,"menu_order":0,"comment_status":"closed","ping_status":"closed","template":"","meta":{"_et_pb_use_builder":"on","_et_pb_old_content":"","_et_gb_content_width":"","footnotes":""},"class_list":["post-1329","page","type-page","status-publish","hentry"],"yoast_head":"<!-- This site is optimized with the Yoast SEO plugin v21.0 - https:\/\/yoast.com\/wordpress\/plugins\/seo\/ -->\n<title>Men\u00fas - CASALEXO | Ferrol<\/title>\n<meta name=\"description\" content=\"Selecta carta de vinos de diversas procedencias y de las principales denominaciones de origen de Galicia, Espa\u00f1a e Internacional, Ambiente acogedor y familiar,..\" \/>\n<meta name=\"robots\" content=\"index, follow, max-snippet:-1, max-image-preview:large, max-video-preview:-1\" \/>\n<link rel=\"canonical\" href=\"https:\/\/casalexo.gal\/es\/menus\/\" \/>\n<meta property=\"og:locale\" content=\"es_ES\" \/>\n<meta property=\"og:type\" content=\"article\" \/>\n<meta property=\"og:title\" content=\"Men\u00fas - CASALEXO | Ferrol\" \/>\n<meta property=\"og:description\" content=\"Selecta carta de vinos de diversas procedencias y de las principales denominaciones de origen de Galicia, Espa\u00f1a e Internacional, Ambiente acogedor y familiar,..\" \/>\n<meta property=\"og:url\" content=\"https:\/\/casalexo.gal\/es\/menus\/\" \/>\n<meta property=\"og:site_name\" content=\"CASALEXO\" \/>\n<meta property=\"article:modified_time\" content=\"2025-06-11T14:07:54+00:00\" \/>\n<meta name=\"twitter:card\" content=\"summary_large_image\" \/>\n<meta name=\"twitter:label1\" content=\"Tiempo de lectura\" \/>\n\t<meta name=\"twitter:data1\" content=\"4 minutos\" \/>\n<script type=\"application\/ld+json\" class=\"yoast-schema-graph\">{\"@context\":\"https:\/\/schema.org\",\"@graph\":[{\"@type\":\"WebPage\",\"@id\":\"https:\/\/casalexo.gal\/es\/menus\/\",\"url\":\"https:\/\/casalexo.gal\/es\/menus\/\",\"name\":\"Men\u00fas - CASALEXO | Ferrol\",\"isPartOf\":{\"@id\":\"https:\/\/casalexo.gal\/es\/#website\"},\"datePublished\":\"2023-01-27T12:29:33+00:00\",\"dateModified\":\"2025-06-11T14:07:54+00:00\",\"description\":\"Selecta carta de vinos de diversas procedencias y de las principales denominaciones de origen de Galicia, Espa\u00f1a e Internacional, Ambiente acogedor y familiar,..\",\"breadcrumb\":{\"@id\":\"https:\/\/casalexo.gal\/es\/menus\/#breadcrumb\"},\"inLanguage\":\"es\",\"potentialAction\":[{\"@type\":\"ReadAction\",\"target\":[\"https:\/\/casalexo.gal\/es\/menus\/\"]}]},{\"@type\":\"BreadcrumbList\",\"@id\":\"https:\/\/casalexo.gal\/es\/menus\/#breadcrumb\",\"itemListElement\":[{\"@type\":\"ListItem\",\"position\":1,\"name\":\"Portada\",\"item\":\"https:\/\/casalexo.gal\/es\/\"},{\"@type\":\"ListItem\",\"position\":2,\"name\":\"Men\u00fas\"}]},{\"@type\":\"WebSite\",\"@id\":\"https:\/\/casalexo.gal\/es\/#website\",\"url\":\"https:\/\/casalexo.gal\/es\/\",\"name\":\"CASALEXO\",\"description\":\"\",\"potentialAction\":[{\"@type\":\"SearchAction\",\"target\":{\"@type\":\"EntryPoint\",\"urlTemplate\":\"https:\/\/casalexo.gal\/es\/?s={search_term_string}\"},\"query-input\":\"required name=search_term_string\"}],\"inLanguage\":\"es\"}]}<\/script>\n<!-- \/ Yoast SEO plugin. -->","yoast_head_json":{"title":"Men\u00fas - CASALEXO | Ferrol","description":"Selecta carta de vinos de diversas procedencias y de las principales denominaciones de origen de Galicia, Espa\u00f1a e Internacional, Ambiente acogedor y familiar,..","robots":{"index":"index","follow":"follow","max-snippet":"max-snippet:-1","max-image-preview":"max-image-preview:large","max-video-preview":"max-video-preview:-1"},"canonical":"https:\/\/casalexo.gal\/es\/menus\/","og_locale":"es_ES","og_type":"article","og_title":"Men\u00fas - CASALEXO | Ferrol","og_description":"Selecta carta de vinos de diversas procedencias y de las principales denominaciones de origen de Galicia, Espa\u00f1a e Internacional, Ambiente acogedor y familiar,..","og_url":"https:\/\/casalexo.gal\/es\/menus\/","og_site_name":"CASALEXO","article_modified_time":"2025-06-11T14:07:54+00:00","twitter_card":"summary_large_image","twitter_misc":{"Tiempo de lectura":"4 minutos"},"schema":{"@context":"https:\/\/schema.org","@graph":[{"@type":"WebPage","@id":"https:\/\/casalexo.gal\/es\/menus\/","url":"https:\/\/casalexo.gal\/es\/menus\/","name":"Men\u00fas - CASALEXO | Ferrol","isPartOf":{"@id":"https:\/\/casalexo.gal\/es\/#website"},"datePublished":"2023-01-27T12:29:33+00:00","dateModified":"2025-06-11T14:07:54+00:00","description":"Selecta carta de vinos de diversas procedencias y de las principales denominaciones de origen de Galicia, Espa\u00f1a e Internacional, Ambiente acogedor y familiar,..","breadcrumb":{"@id":"https:\/\/casalexo.gal\/es\/menus\/#breadcrumb"},"inLanguage":"es","potentialAction":[{"@type":"ReadAction","target":["https:\/\/casalexo.gal\/es\/menus\/"]}]},{"@type":"BreadcrumbList","@id":"https:\/\/casalexo.gal\/es\/menus\/#breadcrumb","itemListElement":[{"@type":"ListItem","position":1,"name":"Portada","item":"https:\/\/casalexo.gal\/es\/"},{"@type":"ListItem","position":2,"name":"Men\u00fas"}]},{"@type":"WebSite","@id":"https:\/\/casalexo.gal\/es\/#website","url":"https:\/\/casalexo.gal\/es\/","name":"CASALEXO","description":"","potentialAction":[{"@type":"SearchAction","target":{"@type":"EntryPoint","urlTemplate":"https:\/\/casalexo.gal\/es\/?s={search_term_string}"},"query-input":"required name=search_term_string"}],"inLanguage":"es"}]}},"_links":{"self":[{"href":"https:\/\/casalexo.gal\/es\/wp-json\/wp\/v2\/pages\/1329","targetHints":{"allow":["GET"]}}],"collection":[{"href":"https:\/\/casalexo.gal\/es\/wp-json\/wp\/v2\/pages"}],"about":[{"href":"https:\/\/casalexo.gal\/es\/wp-json\/wp\/v2\/types\/page"}],"author":[{"embeddable":true,"href":"https:\/\/casalexo.gal\/es\/wp-json\/wp\/v2\/users\/1"}],"replies":[{"embeddable":true,"href":"https:\/\/casalexo.gal\/es\/wp-json\/wp\/v2\/comments?post=1329"}],"version-history":[{"count":22,"href":"https:\/\/casalexo.gal\/es\/wp-json\/wp\/v2\/pages\/1329\/revisions"}],"predecessor-version":[{"id":1844,"href":"https:\/\/casalexo.gal\/es\/wp-json\/wp\/v2\/pages\/1329\/revisions\/1844"}],"wp:attachment":[{"href":"https:\/\/casalexo.gal\/es\/wp-json\/wp\/v2\/media?parent=1329"}],"curies":[{"name":"wp","href":"https:\/\/api.w.org\/{rel}","templated":true}]}}