{"id":1323,"date":"2023-01-27T13:29:54","date_gmt":"2023-01-27T12:29:54","guid":{"rendered":"https:\/\/casalexo.gal\/adega\/"},"modified":"2026-03-24T06:45:19","modified_gmt":"2026-03-24T05:45:19","slug":"adega","status":"publish","type":"page","link":"https:\/\/casalexo.gal\/es\/adega\/","title":{"rendered":"Adega"},"content":{"rendered":"<p>[et_pb_section fb_built=\u00bb1&#8243; custom_padding_last_edited=\u00bbon|phone\u00bb admin_label=\u00bbsection\u00bb _builder_version=\u00bb4.20.0&#8243; background_color=\u00bb#161615&#8243; background_enable_image=\u00bboff\u00bb background_position=\u00bbtop_center\u00bb background_blend=\u00bbmultiply\u00bb z_index=\u00bb10&#8243; min_height_tablet=\u00bb90vh\u00bb min_height_last_edited=\u00bboff|desktop\u00bb height_phone=\u00bb65vh\u00bb height_last_edited=\u00bboff|desktop\u00bb custom_margin=\u00bb1%|1%|1%|1%|true|true\u00bb custom_padding=\u00bb180px|0px|10px|0px|false|false\u00bb custom_padding_tablet=\u00bb250px||||false|false\u00bb custom_padding_phone=\u00bb220px||||false|false\u00bb border_radii=\u00bbon|30px|30px|30px|30px\u00bb locked=\u00bboff\u00bb global_colors_info=\u00bb{}\u00bb][et_pb_row column_structure=\u00bb3_5,2_5&#8243; use_custom_gutter=\u00bbon\u00bb make_equal=\u00bbon\u00bb custom_padding_last_edited=\u00bbon|phone\u00bb disabled_on=\u00bboff|off|off\u00bb module_class=\u00bbreservas-telefonicas-banner\u00bb _builder_version=\u00bb4.20.0&#8243; _module_preset=\u00bbdefault\u00bb background_color=\u00bb#FFFFFF\u00bb position_origin_a=\u00bbbottom_center\u00bb position_origin_f=\u00bbtop_center\u00bb vertical_offset=\u00bb0px\u00bb z_index=\u00bb100&#8243; vertical_offset_tablet=\u00bb5px\u00bb vertical_offset_phone=\u00bb0px\u00bb vertical_offset_last_edited=\u00bbon|phone\u00bb width=\u00bb90%\u00bb width_tablet=\u00bb90%\u00bb width_phone=\u00bb80%\u00bb width_last_edited=\u00bbon|phone\u00bb max_width=\u00bb720px\u00bb max_width_tablet=\u00bb90%\u00bb max_width_phone=\u00bb90%\u00bb max_width_last_edited=\u00bbon|tablet\u00bb custom_padding=\u00bb1%|1%|1%|1%|true|true\u00bb custom_padding_tablet=\u00bb2%|35px|2%|35px|true|true\u00bb custom_padding_phone=\u00bb15px|25px|15px|25px|true|true\u00bb border_radii=\u00bbon|30px|30px|30px|30px\u00bb box_shadow_style=\u00bbpreset1&#8243; box_shadow_color=\u00bbrgba(0,0,0,0.43)\u00bb locked=\u00bboff\u00bb global_colors_info=\u00bb{}\u00bb custom_css_main_element_last_edited=\u00bbon|tablet\u00bb custom_css_main_element_tablet=\u00bbdisplay:flex;||flex-wrap:wrap;\u00bb custom_css_main_element_phone=\u00bbdisplay:flex;||flex-wrap:wrap;\u00bb][et_pb_column type=\u00bb3_5&#8243; module_class=\u00bbds-vertical-align\u00bb _builder_version=\u00bb4.20.0&#8243; _module_preset=\u00bbdefault\u00bb global_colors_info=\u00bb{}\u00bb custom_css_main_element_last_edited=\u00bbon|tablet\u00bb custom_css_main_element_tablet=\u00bbwidth:calc(100% &#8211; 180px);||display:flex;||flex-wrap:wrap;||align-content:flex-start;||align-items:center;||justify-content:center;||margin-bottom:0!important;\u00bb custom_css_main_element_phone=\u00bbwidth:calc(100% &#8211; 180px);||display:flex;||flex-wrap:wrap;||align-content:flex-start;||align-items:center;||justify-content:center;||margin-bottom:0!important;\u00bb][et_pb_blurb image=\u00bbhttps:\/\/casalexo.gal\/wp-content\/uploads\/2023\/01\/04.svg\u00bb icon_placement=\u00bbleft\u00bb icon_placement_tablet=\u00bbleft\u00bb icon_placement_phone=\u00bbleft\u00bb icon_placement_last_edited=\u00bbon|phone\u00bb image_icon_width_tablet=\u00bb\u00bb image_icon_width_phone=\u00bb20px\u00bb image_icon_width_last_edited=\u00bbon|phone\u00bb content_tablet=\u00bb<\/p>\n<p><span style=%22font-family: &apos;Nunito&apos;; font-size: 26px; font-weight: 600;%22>RESERVAS <\/span> <span style=%22font-family: &apos;Fira Sans&apos;; font-size: 20px; font-weight: 300; font-style: italic;%22>&#8211; Solo telef\u00f3nicas<\/span><\/p>\n<p>\u00bb content_phone=\u00bb<\/p>\n<p><span style=%22font-family: &apos;Nunito&apos;; font-size: 24px; font-weight: 600;%22>RESERVAS <\/span><br \/><span style=%22font-family: &apos;Fira Sans&apos;; font-size: 18px; font-weight: 300; font-style: italic;%22>Solo telef\u00f3nicas<\/span><\/p>\n<p>\u00bb content_last_edited=\u00bbon|phone\u00bb content_max_width_tablet=\u00bb100%\u00bb content_max_width_phone=\u00bb100%\u00bb content_max_width_last_edited=\u00bbon|tablet\u00bb _builder_version=\u00bb4.20.0&#8243; _module_preset=\u00bbdefault\u00bb header_font_size=\u00bb18px\u00bb body_text_color=\u00bb#161615&#8243; image_icon_custom_margin_tablet=\u00bb\u00bb image_icon_custom_margin_phone=\u00bb0px||0px||false|false\u00bb image_icon_custom_margin_last_edited=\u00bbon|phone\u00bb image_icon_custom_padding=\u00bb||||false|false\u00bb image_icon_custom_padding_tablet=\u00bb||||false|false\u00bb image_icon_custom_padding_phone=\u00bb0px||0px||false|false\u00bb image_icon_custom_padding_last_edited=\u00bbon|phone\u00bb custom_margin=\u00bb||0px||false|false\u00bb custom_padding=\u00bb|||40px|false|false\u00bb custom_padding_tablet=\u00bb||0px|0px|false|false\u00bb custom_padding_phone=\u00bb|0px||0px|false|true\u00bb custom_padding_last_edited=\u00bbon|tablet\u00bb header_text_align_tablet=\u00bb\u00bb header_text_align_phone=\u00bbcenter\u00bb header_text_align_last_edited=\u00bbon|phone\u00bb text_orientation_tablet=\u00bb\u00bb text_orientation_phone=\u00bbleft\u00bb text_orientation_last_edited=\u00bbon|phone\u00bb global_colors_info=\u00bb{}\u00bb]<\/p>\n<p><span style=\"font-family: 'Nunito'; font-size: 26px; font-weight: 600;\">RESERVAS <\/span> <span style=\"font-family: 'Fira Sans'; font-size: 20px; font-weight: 300; font-style: italic;\">&#8211; Solo telef\u00f3nicas<\/span><\/p>\n<p>[\/et_pb_blurb][\/et_pb_column][et_pb_column type=\u00bb2_5&#8243; module_class=\u00bbds-vertical-align\u00bb _builder_version=\u00bb4.20.0&#8243; _module_preset=\u00bbdefault\u00bb global_colors_info=\u00bb{}\u00bb custom_css_main_element_last_edited=\u00bbon|tablet\u00bb custom_css_main_element_tablet=\u00bbwidth:180px!important;||display:flex;||flex-wrap:wrap;||align-content:center;||align-items:center;\u00bb custom_css_main_element_phone=\u00bbwidth:180px!important;||display:flex;||flex-wrap:wrap;||align-content:center;||align-items:center;\u00bb][et_pb_text _builder_version=\u00bb4.20.0&#8243; _module_preset=\u00bbdefault\u00bb text_font=\u00bbFira Sans|300|||||||\u00bb text_text_color=\u00bb#161615&#8243; text_font_size=\u00bb38px\u00bb text_line_height=\u00bb1.2em\u00bb custom_margin_tablet=\u00bb\u00bb custom_margin_phone=\u00bb0px||||false|false\u00bb custom_margin_last_edited=\u00bbon|phone\u00bb custom_padding=\u00bb||||false|false\u00bb custom_padding_tablet=\u00bb0px||0px||false|false\u00bb custom_padding_phone=\u00bb0px||||false|false\u00bb custom_padding_last_edited=\u00bbon|phone\u00bb text_font_size_tablet=\u00bb38px\u00bb text_font_size_phone=\u00bb25px\u00bb text_font_size_last_edited=\u00bbon|phone\u00bb text_orientation_tablet=\u00bbcenter\u00bb text_orientation_phone=\u00bbcenter\u00bb text_orientation_last_edited=\u00bbon|desktop\u00bb global_colors_info=\u00bb{}\u00bb]<\/p>\n<p>981 354 053<\/p>\n<p>[\/et_pb_text][\/et_pb_column][\/et_pb_row][\/et_pb_section][et_pb_section fb_built=\u00bb1&#8243; _builder_version=\u00bb4.18.0&#8243; _module_preset=\u00bbdefault\u00bb background_image=\u00bbhttps:\/\/casalexo.gal\/wp-content\/uploads\/2023\/01\/Grupo-de-desplazamiento-1.svg\u00bb background_size=\u00bbinitial\u00bb background_position=\u00bbbottom_left\u00bb background_vertical_offset=\u00bb-10%\u00bb background_repeat=\u00bbrepeat-x\u00bb z_index=\u00bb0&#8243; min_height=\u00bb89vh\u00bb global_colors_info=\u00bb{}\u00bb][et_pb_row column_structure=\u00bb2_5,3_5&#8243; use_custom_gutter=\u00bbon\u00bb gutter_width=\u00bb4&#8243; make_equal=\u00bbon\u00bb _builder_version=\u00bb4.18.0&#8243; _module_preset=\u00bbdefault\u00bb width=\u00bb90%\u00bb module_alignment=\u00bbcenter\u00bb global_colors_info=\u00bb{}\u00bb][et_pb_column type=\u00bb2_5&#8243; _builder_version=\u00bb4.18.0&#8243; _module_preset=\u00bbdefault\u00bb global_colors_info=\u00bb{}\u00bb][dica_divi_carousel show_items_desktop=\u00bb1&#8243; show_items_tablet=\u00bb1&#8243; multislide=\u00bbon\u00bb transition_duration=\u00bb2000&#8243; autoplay=\u00bbon\u00bb hoverpause=\u00bbon\u00bb advanced_effect=\u00bb1&#8243; _builder_version=\u00bb4.18.0&#8243; _module_preset=\u00bbdefault\u00bb max_width_tablet=\u00bb80%\u00bb max_width_phone=\u00bb85%\u00bb max_width_last_edited=\u00bbon|tablet\u00bb height_tablet=\u00bb500px\u00bb height_phone=\u00bb500px\u00bb height_last_edited=\u00bboff|desktop\u00bb max_height_phone=\u00bb500px\u00bb max_height_last_edited=\u00bboff|tablet\u00bb module_alignment_tablet=\u00bbcenter\u00bb module_alignment_phone=\u00bbcenter\u00bb module_alignment_last_edited=\u00bbon|tablet\u00bb border_radii_item=\u00bbon|30px|30px|30px|30px\u00bb global_colors_info=\u00bb{}\u00bb][dica_divi_carouselitem button_url_new_window=\u00bb1&#8243; image=\u00bbhttps:\/\/casalexo.gal\/wp-content\/uploads\/2023\/02\/DSCF7834_b.jpg\u00bb _builder_version=\u00bb4.18.0&#8243; _module_preset=\u00bbdefault\u00bb global_colors_info=\u00bb{}\u00bb][\/dica_divi_carouselitem][dica_divi_carouselitem button_url_new_window=\u00bb1&#8243; image=\u00bbhttps:\/\/casalexo.gal\/wp-content\/uploads\/2023\/02\/OVI5371_b.jpg\u00bb _builder_version=\u00bb4.18.0&#8243; _module_preset=\u00bbdefault\u00bb global_colors_info=\u00bb{}\u00bb][\/dica_divi_carouselitem][dica_divi_carouselitem button_url_new_window=\u00bb1&#8243; image=\u00bbhttps:\/\/casalexo.gal\/wp-content\/uploads\/2023\/02\/I6F0511_b.jpg\u00bb _builder_version=\u00bb4.18.0&#8243; _module_preset=\u00bbdefault\u00bb global_colors_info=\u00bb{}\u00bb][\/dica_divi_carouselitem][\/dica_divi_carousel][\/et_pb_column][et_pb_column type=\u00bb3_5&#8243; _builder_version=\u00bb4.18.0&#8243; _module_preset=\u00bbdefault\u00bb global_colors_info=\u00bb{}\u00bb][et_pb_text _builder_version=\u00bb4.18.0&#8243; _module_preset=\u00bbdefault\u00bb text_font=\u00bbFira Sans|300|||||||\u00bb text_text_color=\u00bb#161615&#8243; text_font_size=\u00bb20px\u00bb text_line_height=\u00bb28px\u00bb max_width=\u00bb900px\u00bb module_alignment=\u00bbleft\u00bb global_colors_info=\u00bb{}\u00bb]<\/p>\n<p>Los vinos de nuestra carta son fruto de la elecci\u00f3n realizada por Casalexo con la intenci\u00f3n de aportar nuestro punto de vista y ofrecer un servicio al cliente. Esta selecci\u00f3n se realiz\u00f3 siguiendo estos criterios:<\/p>\n<ol>\n<li>una buena relacion calidad\/precio<\/li>\n<li>presencia de vinos de diferentes or\u00edgenes<\/li>\n<\/ol>\n<p>[\/et_pb_text][et_pb_text module_class=\u00bbcorinthia\u00bb _builder_version=\u00bb4.18.0&#8243; _module_preset=\u00bbdefault\u00bb text_font=\u00bb|300|||||||\u00bb text_text_color=\u00bb#161615&#8243; text_font_size=\u00bb48px\u00bb text_line_height=\u00bb50px\u00bb max_width=\u00bb900px\u00bb module_alignment=\u00bbleft\u00bb custom_margin=\u00bb0px||0px||false|false\u00bb custom_padding=\u00bb0px||0px||false|false\u00bb global_colors_info=\u00bb{}\u00bb]<\/p>\n<p>Fuera de esta carta siempre tenemos m\u00e1s vinos disponibles, \u00a1pide consejo!<\/p>\n<p>[\/et_pb_text][et_pb_button button_url=\u00bbhttps:\/\/casalexo.gal\/wp-content\/uploads\/2026\/03\/carta-vinos-xan26_AF.pdf\u00bb url_new_window=\u00bbon\u00bb button_text=\u00bbcarta de vinos en pdf\u00bb _builder_version=\u00bb4.20.0&#8243; _module_preset=\u00bbdefault\u00bb custom_margin=\u00bb7%||||false|false\u00bb custom_padding=\u00bb||||false|false\u00bb hover_enabled=\u00bb0&#8243; global_colors_info=\u00bb{}\u00bb sticky_enabled=\u00bb0&#8243;][\/et_pb_button][\/et_pb_column][\/et_pb_row][\/et_pb_section][et_pb_section fb_built=\u00bb1&#8243; disabled_on=\u00bbon|on|on\u00bb _builder_version=\u00bb4.18.0&#8243; _module_preset=\u00bbdefault\u00bb disabled=\u00bbon\u00bb global_colors_info=\u00bb{}\u00bb][et_pb_row _builder_version=\u00bb4.18.0&#8243; _module_preset=\u00bbdefault\u00bb width=\u00bb70%\u00bb locked=\u00bboff\u00bb global_colors_info=\u00bb{}\u00bb][et_pb_column type=\u00bb4_4&#8243; _builder_version=\u00bb4.18.0&#8243; _module_preset=\u00bbdefault\u00bb global_colors_info=\u00bb{}\u00bb][et_pb_text _builder_version=\u00bb4.18.0&#8243; _module_preset=\u00bbdefault\u00bb header_2_text_align=\u00bbcenter\u00bb locked=\u00bboff\u00bb global_colors_info=\u00bb{}\u00bb]<\/p>\n<h2>Carta<\/h2>\n<p>[\/et_pb_text][et_pb_toggle title=\u00bbBlancos galegos\u00bb open_toggle_text_color=\u00bb#161615&#8243; open_toggle_background_color=\u00bb#FFFFFF\u00bb closed_toggle_text_color=\u00bb#161615&#8243; closed_toggle_background_color=\u00bb#FFFFFF\u00bb icon_color=\u00bb#E4D6AC\u00bb toggle_icon=\u00bb&#x43;||divi||400&#8243; use_icon_font_size=\u00bbon\u00bb icon_font_size=\u00bb40px\u00bb open_icon_color=\u00bb#AFAFAE\u00bb open_toggle_icon=\u00bb&#x42;||divi||400&#8243; open_use_icon_font_size=\u00bbon\u00bb open_icon_font_size=\u00bb40px\u00bb module_class=\u00bbconmutador-vino\u00bb _builder_version=\u00bb4.18.0&#8243; _module_preset=\u00bbdefault\u00bb title_text_color=\u00bb#161615&#8243; title_level=\u00bbh3&#8243; title_font=\u00bbNunito|300||on|||||\u00bb title_font_size=\u00bb32px\u00bb title_letter_spacing=\u00bb2px\u00bb body_font=\u00bbFira Sans||||||||\u00bb body_text_color=\u00bb#161615&#8243; min_height=\u00bb100px\u00bb custom_padding=\u00bb1%||1%|10%|true|false\u00bb border_width_all=\u00bb0px\u00bb border_width_bottom=\u00bb2px\u00bb border_color_bottom=\u00bb#E4D6AC\u00bb global_colors_info=\u00bb{}\u00bb]<\/p>\n<div class=\"conmutador-carta-separador\"><span class=\"columnas2\">CREGO E MONAGUILLO<\/span><span class=\"columnas2\">17\u20ac<\/span> <em>Monterrei<\/em><\/p>\n<div class=\"conmutador-carta-separador\"><span class=\"columnas2\">LAGAR DE BESADA<\/span><span class=\"columnas2\">17\u20ac<\/span> <em>R\u00edas Baixas<\/em><\/div>\n<\/div>\n<p>[\/et_pb_toggle][\/et_pb_column][\/et_pb_row][\/et_pb_section]<\/p>\n","protected":false},"excerpt":{"rendered":"<p>RESERVAS &#8211; Solo telef\u00f3nicas981 354 053<div class=\"et_pb_module dica_divi_carousel dica_divi_carousel_0\">\n\t\t\t\t\n\t\t\t\t\n\t\t\t\t\n\t\t\t\t\n\t\t\t\t\n\t\t\t\t\n\t\t\t\t<div class=\"et_pb_module_inner\">\n\t\t\t\t\t<div class=\"dica-container  desktop_middle-inside tablet_middle-inside mobile_middle-inside\" data-props='{\"desktop\":\"1\",\"tablet\":\"1\",\"mobile\":\"1\",\"speed\":\"2000\",\"arrow\":\"off\",\"dots\":\"off\",\"autoplay\":\"on\",\"autoSpeed\":\"1000\",\"loop\":\"off\",\"item_spacing\":\"30\",\"center_mode\":\"off\",\"slider_effec\":\"1\",\"cover_rotate\":\"50\",\"pause_onhover\":\"on\",\"multislide\":\"on\",\"cfshadow\":\"on\",\"order\":\"0\",\"lazyload\":\"off\",\"lazybefore\":\"off\",\"scroller_effect\":\"off\",\"autowidth\":\"off\",\"item_spacing_tablet\":\"30\",\"item_spacing_phone\":\"30\",\"scroller_speed\":\"4000\",\"hashNavigation\":\"off\",\"simulatetouch\":\"off\",\"allowtouchmove\":\"off\"}'>\r\n\t\t\t\t\t\t\t \t<div class=\"swiper-container\">\r\n\t\t\t\t\t\t\t\t\t<div class=\"swiper-wrapper\"><div class=\"et_pb_module dica_divi_carouselitem dica_divi_carouselitem_0\">\n\t\t\t\t\n\t\t\t\t\n\t\t\t\t\n\t\t\t\t\n\t\t\t\t\n\t\t\t\t\n\t\t\t\t<div class=\"et_pb_module_inner\">\n\t\t\t\t\t <div class=\"dica-item empty-content image_top\"   data-hash=\"dica_divi_carouselitem_0\">\r\n\t\t\t\t\t\t\t\t\t<div class=\"dica-image-container\"><span class=\"image\"><img decoding=\"async\" src=\"https:\/\/casalexo.gal\/wp-content\/uploads\/2023\/02\/DSCF7834_b.jpg\" alt=\"\" class=\"dica-item-image\" width=\"900\" height=\"600\"\/><\/span><\/div>\r\n\t\t\t\t\t\t\t\t\t\r\n\t\t\t\t\t\t\t<\/div>\n\t\t\t\t<\/div>\n\t\t\t<\/div><div class=\"et_pb_module dica_divi_carouselitem dica_divi_carouselitem_1\">\n\t\t\t\t\n\t\t\t\t\n\t\t\t\t\n\t\t\t\t\n\t\t\t\t\n\t\t\t\t\n\t\t\t\t<div class=\"et_pb_module_inner\">\n\t\t\t\t\t <div class=\"dica-item empty-content image_top\"   data-hash=\"dica_divi_carouselitem_1\">\r\n\t\t\t\t\t\t\t\t\t<div class=\"dica-image-container\"><span class=\"image\"><img decoding=\"async\" src=\"https:\/\/casalexo.gal\/wp-content\/uploads\/2023\/02\/OVI5371_b.jpg\" alt=\"\" class=\"dica-item-image\" width=\"1067\" height=\"600\"\/><\/span><\/div>\r\n\t\t\t\t\t\t\t\t\t\r\n\t\t\t\t\t\t\t<\/div>\n\t\t\t\t<\/div>\n\t\t\t<\/div><div class=\"et_pb_module dica_divi_carouselitem dica_divi_carouselitem_2\">\n\t\t\t\t\n\t\t\t\t\n\t\t\t\t\n\t\t\t\t\n\t\t\t\t\n\t\t\t\t\n\t\t\t\t<div class=\"et_pb_module_inner\">\n\t\t\t\t\t <div class=\"dica-item empty-content image_top\"   data-hash=\"dica_divi_carouselitem_2\">\r\n\t\t\t\t\t\t\t\t\t<div class=\"dica-image-container\"><span class=\"image\"><img decoding=\"async\" src=\"https:\/\/casalexo.gal\/wp-content\/uploads\/2023\/02\/I6F0511_b.jpg\" alt=\"\" class=\"dica-item-image\" width=\"900\" height=\"600\"\/><\/span><\/div>\r\n\t\t\t\t\t\t\t\t\t\r\n\t\t\t\t\t\t\t<\/div>\n\t\t\t\t<\/div>\n\t\t\t<\/div><\/div>\t\r\n\t\t\t\t\t\t\t\t<\/div>\t\r\n\t\t\t\t\t\t\t\t\r\n\t\t\t\t\t\t\t\t\t\t\t\t\t\t\r\n\t\t\t\t\t\t\t<\/div>\n\t\t\t\t<\/div>\n\t\t\t<\/div>Los vinos de nuestra carta son fruto de la elecci\u00f3n realizada por Casalexo [&hellip;]<\/p>\n","protected":false},"author":1,"featured_media":0,"parent":0,"menu_order":0,"comment_status":"closed","ping_status":"closed","template":"","meta":{"_et_pb_use_builder":"on","_et_pb_old_content":"","_et_gb_content_width":"","footnotes":""},"class_list":["post-1323","page","type-page","status-publish","hentry"],"yoast_head":"<!-- This site is optimized with the Yoast SEO plugin v21.0 - https:\/\/yoast.com\/wordpress\/plugins\/seo\/ -->\n<title>Adega - CASALEXO | Ferrol<\/title>\n<meta name=\"description\" content=\"Cocina honesta, Cocina del sabor, Km 0, Productos de la tierra, Sabor a tradici\u00f3n, Cocina de mercado, Cocina de producto, Cocina para compartir, Cocina fresca, Cocina de mercado, Razas aut\u00f3ctonas gallegas\" \/>\n<meta name=\"robots\" content=\"index, follow, max-snippet:-1, max-image-preview:large, max-video-preview:-1\" \/>\n<link rel=\"canonical\" href=\"https:\/\/casalexo.gal\/es\/adega\/\" \/>\n<meta property=\"og:locale\" content=\"es_ES\" \/>\n<meta property=\"og:type\" content=\"article\" \/>\n<meta property=\"og:title\" content=\"Adega - CASALEXO | Ferrol\" \/>\n<meta property=\"og:description\" content=\"Cocina honesta, Cocina del sabor, Km 0, Productos de la tierra, Sabor a tradici\u00f3n, Cocina de mercado, Cocina de producto, Cocina para compartir, Cocina fresca, Cocina de mercado, Razas aut\u00f3ctonas gallegas\" \/>\n<meta property=\"og:url\" content=\"https:\/\/casalexo.gal\/es\/adega\/\" \/>\n<meta property=\"og:site_name\" content=\"CASALEXO\" \/>\n<meta property=\"article:modified_time\" content=\"2026-03-24T05:45:19+00:00\" \/>\n<meta name=\"twitter:card\" content=\"summary_large_image\" \/>\n<meta name=\"twitter:label1\" content=\"Tiempo de lectura\" \/>\n\t<meta name=\"twitter:data1\" content=\"2 minutos\" \/>\n<script type=\"application\/ld+json\" class=\"yoast-schema-graph\">{\"@context\":\"https:\/\/schema.org\",\"@graph\":[{\"@type\":\"WebPage\",\"@id\":\"https:\/\/casalexo.gal\/es\/adega\/\",\"url\":\"https:\/\/casalexo.gal\/es\/adega\/\",\"name\":\"Adega - CASALEXO | Ferrol\",\"isPartOf\":{\"@id\":\"https:\/\/casalexo.gal\/es\/#website\"},\"datePublished\":\"2023-01-27T12:29:54+00:00\",\"dateModified\":\"2026-03-24T05:45:19+00:00\",\"description\":\"Cocina honesta, Cocina del sabor, Km 0, Productos de la tierra, Sabor a tradici\u00f3n, Cocina de mercado, Cocina de producto, Cocina para compartir, Cocina fresca, Cocina de mercado, Razas aut\u00f3ctonas gallegas\",\"breadcrumb\":{\"@id\":\"https:\/\/casalexo.gal\/es\/adega\/#breadcrumb\"},\"inLanguage\":\"es\",\"potentialAction\":[{\"@type\":\"ReadAction\",\"target\":[\"https:\/\/casalexo.gal\/es\/adega\/\"]}]},{\"@type\":\"BreadcrumbList\",\"@id\":\"https:\/\/casalexo.gal\/es\/adega\/#breadcrumb\",\"itemListElement\":[{\"@type\":\"ListItem\",\"position\":1,\"name\":\"Portada\",\"item\":\"https:\/\/casalexo.gal\/es\/\"},{\"@type\":\"ListItem\",\"position\":2,\"name\":\"Adega\"}]},{\"@type\":\"WebSite\",\"@id\":\"https:\/\/casalexo.gal\/es\/#website\",\"url\":\"https:\/\/casalexo.gal\/es\/\",\"name\":\"CASALEXO\",\"description\":\"\",\"potentialAction\":[{\"@type\":\"SearchAction\",\"target\":{\"@type\":\"EntryPoint\",\"urlTemplate\":\"https:\/\/casalexo.gal\/es\/?s={search_term_string}\"},\"query-input\":\"required name=search_term_string\"}],\"inLanguage\":\"es\"}]}<\/script>\n<!-- \/ Yoast SEO plugin. -->","yoast_head_json":{"title":"Adega - CASALEXO | Ferrol","description":"Cocina honesta, Cocina del sabor, Km 0, Productos de la tierra, Sabor a tradici\u00f3n, Cocina de mercado, Cocina de producto, Cocina para compartir, Cocina fresca, Cocina de mercado, Razas aut\u00f3ctonas gallegas","robots":{"index":"index","follow":"follow","max-snippet":"max-snippet:-1","max-image-preview":"max-image-preview:large","max-video-preview":"max-video-preview:-1"},"canonical":"https:\/\/casalexo.gal\/es\/adega\/","og_locale":"es_ES","og_type":"article","og_title":"Adega - CASALEXO | Ferrol","og_description":"Cocina honesta, Cocina del sabor, Km 0, Productos de la tierra, Sabor a tradici\u00f3n, Cocina de mercado, Cocina de producto, Cocina para compartir, Cocina fresca, Cocina de mercado, Razas aut\u00f3ctonas gallegas","og_url":"https:\/\/casalexo.gal\/es\/adega\/","og_site_name":"CASALEXO","article_modified_time":"2026-03-24T05:45:19+00:00","twitter_card":"summary_large_image","twitter_misc":{"Tiempo de lectura":"2 minutos"},"schema":{"@context":"https:\/\/schema.org","@graph":[{"@type":"WebPage","@id":"https:\/\/casalexo.gal\/es\/adega\/","url":"https:\/\/casalexo.gal\/es\/adega\/","name":"Adega - CASALEXO | Ferrol","isPartOf":{"@id":"https:\/\/casalexo.gal\/es\/#website"},"datePublished":"2023-01-27T12:29:54+00:00","dateModified":"2026-03-24T05:45:19+00:00","description":"Cocina honesta, Cocina del sabor, Km 0, Productos de la tierra, Sabor a tradici\u00f3n, Cocina de mercado, Cocina de producto, Cocina para compartir, Cocina fresca, Cocina de mercado, Razas aut\u00f3ctonas gallegas","breadcrumb":{"@id":"https:\/\/casalexo.gal\/es\/adega\/#breadcrumb"},"inLanguage":"es","potentialAction":[{"@type":"ReadAction","target":["https:\/\/casalexo.gal\/es\/adega\/"]}]},{"@type":"BreadcrumbList","@id":"https:\/\/casalexo.gal\/es\/adega\/#breadcrumb","itemListElement":[{"@type":"ListItem","position":1,"name":"Portada","item":"https:\/\/casalexo.gal\/es\/"},{"@type":"ListItem","position":2,"name":"Adega"}]},{"@type":"WebSite","@id":"https:\/\/casalexo.gal\/es\/#website","url":"https:\/\/casalexo.gal\/es\/","name":"CASALEXO","description":"","potentialAction":[{"@type":"SearchAction","target":{"@type":"EntryPoint","urlTemplate":"https:\/\/casalexo.gal\/es\/?s={search_term_string}"},"query-input":"required name=search_term_string"}],"inLanguage":"es"}]}},"_links":{"self":[{"href":"https:\/\/casalexo.gal\/es\/wp-json\/wp\/v2\/pages\/1323","targetHints":{"allow":["GET"]}}],"collection":[{"href":"https:\/\/casalexo.gal\/es\/wp-json\/wp\/v2\/pages"}],"about":[{"href":"https:\/\/casalexo.gal\/es\/wp-json\/wp\/v2\/types\/page"}],"author":[{"embeddable":true,"href":"https:\/\/casalexo.gal\/es\/wp-json\/wp\/v2\/users\/1"}],"replies":[{"embeddable":true,"href":"https:\/\/casalexo.gal\/es\/wp-json\/wp\/v2\/comments?post=1323"}],"version-history":[{"count":18,"href":"https:\/\/casalexo.gal\/es\/wp-json\/wp\/v2\/pages\/1323\/revisions"}],"predecessor-version":[{"id":1871,"href":"https:\/\/casalexo.gal\/es\/wp-json\/wp\/v2\/pages\/1323\/revisions\/1871"}],"wp:attachment":[{"href":"https:\/\/casalexo.gal\/es\/wp-json\/wp\/v2\/media?parent=1323"}],"curies":[{"name":"wp","href":"https:\/\/api.w.org\/{rel}","templated":true}]}}